{"id":18778,"date":"2015-04-18T11:20:55","date_gmt":"2015-04-18T09:20:55","guid":{"rendered":"http:\/\/www.imakeyousmile.se\/?page_id=18778"},"modified":"2020-10-27T22:37:13","modified_gmt":"2020-10-27T21:37:13","slug":"skonhetsbloggar","status":"publish","type":"page","link":"https:\/\/www.imakeyousmile.se\/es\/blogs-de-belleza\/","title":{"rendered":"Blogs de belleza - Lista de mis favoritos"},"content":{"rendered":"<p>\u00a1Hay muchos blogs de belleza geniales para navegar! Aqu\u00ed est\u00e1 mi blog y una lista de algunos de mis blogs de belleza favoritos. :)<\/p>\n<hr \/>\n<p><a href=\"http:\/\/www.imakeyousmile.se\/es\/\"><img loading=\"lazy\" decoding=\"async\" class=\"alignleft wp-image-18650\" src=\"http:\/\/www.imakeyousmile.se\/wp-content\/uploads\/2014\/08\/helena-ronnblad-makeup-sk\u00f6nhetsblogg-header-300x131.jpg\" alt=\"helena-ronnblad-maquillaje-belleza-blogs-encabezado\" width=\"200\" height=\"87\" srcset=\"https:\/\/www.imakeyousmile.se\/wp-content\/uploads\/2014\/08\/helena-ronnblad-makeup-sk\u00f6nhetsblogg-header-300x131.jpg 300w, https:\/\/www.imakeyousmile.se\/wp-content\/uploads\/2014\/08\/helena-ronnblad-makeup-sk\u00f6nhetsblogg-header-1024x446.jpg 1024w, https:\/\/www.imakeyousmile.se\/wp-content\/uploads\/2014\/08\/helena-ronnblad-makeup-sk\u00f6nhetsblogg-header-768x335.jpg 768w, https:\/\/www.imakeyousmile.se\/wp-content\/uploads\/2014\/08\/helena-ronnblad-makeup-sk\u00f6nhetsblogg-header-1536x670.jpg 1536w, https:\/\/www.imakeyousmile.se\/wp-content\/uploads\/2014\/08\/helena-ronnblad-makeup-sk\u00f6nhetsblogg-header-2048x893.jpg 2048w, https:\/\/www.imakeyousmile.se\/wp-content\/uploads\/2014\/08\/helena-ronnblad-makeup-sk\u00f6nhetsblogg-header-16x7.jpg 16w, https:\/\/www.imakeyousmile.se\/wp-content\/uploads\/2014\/08\/helena-ronnblad-makeup-sk\u00f6nhetsblogg-header-696x303.jpg 696w, https:\/\/www.imakeyousmile.se\/wp-content\/uploads\/2014\/08\/helena-ronnblad-makeup-sk\u00f6nhetsblogg-header-1068x466.jpg 1068w, https:\/\/www.imakeyousmile.se\/wp-content\/uploads\/2014\/08\/helena-ronnblad-makeup-sk\u00f6nhetsblogg-header-963x420.jpg 963w, https:\/\/www.imakeyousmile.se\/wp-content\/uploads\/2014\/08\/helena-ronnblad-makeup-sk\u00f6nhetsblogg-header-20x9.jpg 20w\" sizes=\"(max-width: 200px) 100vw, 200px\" \/><\/a><a href=\"http:\/\/www.imakeyousmile.se\/es\/\">Helena R\u00f6nnblad - Imakeyousmile.se, blog de maquillaje y belleza<\/a><\/p>\n<p>\u00a1Bienvenido a mi colorido blog de belleza! Aqu\u00ed difundo mucho amor maquillador y hago todo lo posible para inspirarte, adquirir conocimientos y sobre todo atreverme a ponerte a prueba. El maquillaje es mucho m\u00e1s que una superficie, refleja nuestro yo interior y es un verdadero impulso para la confianza en nosotros mismos.<\/p>\n<hr \/>\n<p><a href=\"http:\/\/www.imakeyousmile.se\/wp-content\/uploads\/2015\/04\/helen-torsgarden-header-2.png\"><img loading=\"lazy\" decoding=\"async\" class=\"alignleft wp-image-18905\" src=\"http:\/\/www.imakeyousmile.se\/wp-content\/uploads\/2015\/04\/helen-torsgarden-header-2.png\" alt=\"blogs de belleza helen-torsgarden-header\" width=\"200\" height=\"72\" srcset=\"https:\/\/www.imakeyousmile.se\/wp-content\/uploads\/2015\/04\/helen-torsgarden-header-2.png 360w, https:\/\/www.imakeyousmile.se\/wp-content\/uploads\/2015\/04\/helen-torsgarden-header-2-300x108.png 300w, https:\/\/www.imakeyousmile.se\/wp-content\/uploads\/2015\/04\/helen-torsgarden-header-2-16x6.png 16w, https:\/\/www.imakeyousmile.se\/wp-content\/uploads\/2015\/04\/helen-torsgarden-header-2-356x130.png 356w, https:\/\/www.imakeyousmile.se\/wp-content\/uploads\/2015\/04\/helen-torsgarden-header-2-20x7.png 20w\" sizes=\"(max-width: 200px) 100vw, 200px\" \/><\/a><\/p>\n<p><a href=\"http:\/\/blogg.veckorevyn.com\/hiilen\/\" target=\"_blank\" rel=\"noopener noreferrer\">Helen Torsg\u00e5rden - Blog de maquillaje de Hiilen<\/a><\/p>\n<p>En Helen encontrar\u00e1 de todo, desde rese\u00f1as detalladas de productos y consejos hasta maquillaje inspirador y videos educativos.<\/p>\n<hr \/>\n<p><a href=\"http:\/\/www.imakeyousmile.se\/wp-content\/uploads\/2015\/04\/cropped-headernyyy.jpg\"><img loading=\"lazy\" decoding=\"async\" class=\"alignleft wp-image-18906\" src=\"http:\/\/www.imakeyousmile.se\/wp-content\/uploads\/2015\/04\/cropped-headernyyy.jpg\" alt=\"blogs de linda-hallberg-belleza\" width=\"200\" height=\"89\" srcset=\"https:\/\/www.imakeyousmile.se\/wp-content\/uploads\/2015\/04\/cropped-headernyyy.jpg 900w, https:\/\/www.imakeyousmile.se\/wp-content\/uploads\/2015\/04\/cropped-headernyyy-300x133.jpg 300w, https:\/\/www.imakeyousmile.se\/wp-content\/uploads\/2015\/04\/cropped-headernyyy-768x341.jpg 768w, https:\/\/www.imakeyousmile.se\/wp-content\/uploads\/2015\/04\/cropped-headernyyy-16x7.jpg 16w, https:\/\/www.imakeyousmile.se\/wp-content\/uploads\/2015\/04\/cropped-headernyyy-696x309.jpg 696w, https:\/\/www.imakeyousmile.se\/wp-content\/uploads\/2015\/04\/cropped-headernyyy-20x9.jpg 20w\" sizes=\"(max-width: 200px) 100vw, 200px\" \/><\/a><\/p>\n<p><a href=\"http:\/\/lindahallberg.se\" target=\"_blank\" rel=\"noopener noreferrer\">Linda Hallberg - Lindahallberg.se<\/a><\/p>\n<p>Linda es una maquilladora incre\u00edblemente talentosa que muestra un maquillaje creativo y elegante todos los d\u00edas. Un blog en el que confiar cuando necesitas una gran dosis de inspiraci\u00f3n.<\/p>\n<hr \/>\n<p><a href=\"http:\/\/www.imakeyousmile.se\/wp-content\/uploads\/2015\/04\/adaras_blogazine_logo31.png\"><img loading=\"lazy\" decoding=\"async\" class=\"alignleft wp-image-18910\" src=\"http:\/\/www.imakeyousmile.se\/wp-content\/uploads\/2015\/04\/adaras_blogazine_logo31.png\" alt=\"adaras_blogazine_logo31 blogs de belleza\" width=\"200\" height=\"54\" srcset=\"https:\/\/www.imakeyousmile.se\/wp-content\/uploads\/2015\/04\/adaras_blogazine_logo31.png 370w, https:\/\/www.imakeyousmile.se\/wp-content\/uploads\/2015\/04\/adaras_blogazine_logo31-300x81.png 300w, https:\/\/www.imakeyousmile.se\/wp-content\/uploads\/2015\/04\/adaras_blogazine_logo31-16x4.png 16w, https:\/\/www.imakeyousmile.se\/wp-content\/uploads\/2015\/04\/adaras_blogazine_logo31-20x5.png 20w\" sizes=\"(max-width: 200px) 100vw, 200px\" \/><\/a><\/p>\n<p><a href=\"http:\/\/www.adaras.se\" target=\"_blank\" rel=\"noopener noreferrer\">Ida Eriksson - Adaras Blogazine<\/a><\/p>\n<p>Aqu\u00ed encontrar\u00e1 de todo, desde compras y consejos de belleza hasta trucos inteligentes, dibujos, tendencias y bricolaje.<\/p>\n<hr \/>\n<p><a href=\"http:\/\/www.imakeyousmile.se\/wp-content\/uploads\/2015\/04\/molkan.se_1.png\"><img loading=\"lazy\" decoding=\"async\" class=\"alignleft wp-image-18921\" src=\"http:\/\/www.imakeyousmile.se\/wp-content\/uploads\/2015\/04\/molkan.se_1.png\" alt=\"blogs de belleza molkan.se\" width=\"200\" height=\"87\" srcset=\"https:\/\/www.imakeyousmile.se\/wp-content\/uploads\/2015\/04\/molkan.se_1.png 610w, https:\/\/www.imakeyousmile.se\/wp-content\/uploads\/2015\/04\/molkan.se_1-300x131.png 300w, https:\/\/www.imakeyousmile.se\/wp-content\/uploads\/2015\/04\/molkan.se_1-16x7.png 16w, https:\/\/www.imakeyousmile.se\/wp-content\/uploads\/2015\/04\/molkan.se_1-20x9.png 20w\" sizes=\"(max-width: 200px) 100vw, 200px\" \/><\/a><\/p>\n<p><a href=\"http:\/\/molkan.se\" target=\"_blank\" rel=\"noopener noreferrer\">Malin - Molkan.se<\/a><\/p>\n<p>Malin es una fot\u00f3grafa loca por el maquillaje, \u00a1im\u00e1genes s\u00faper bonitas tanto de productos como de maquillaje! \u00bfQuieres leer rese\u00f1as detalladas de productos que han sido probados para 100%? Este es un blog para ti :)<\/p>\n<hr \/>\n<p><a href=\"http:\/\/www.imakeyousmile.se\/wp-content\/uploads\/2015\/04\/19189.v149.png\"><img loading=\"lazy\" decoding=\"async\" class=\"alignleft wp-image-18919\" src=\"http:\/\/www.imakeyousmile.se\/wp-content\/uploads\/2015\/04\/19189.v149.png\" alt=\"19189.v149 blogs de belleza\" width=\"200\" height=\"97\" srcset=\"https:\/\/www.imakeyousmile.se\/wp-content\/uploads\/2015\/04\/19189.v149.png 1230w, https:\/\/www.imakeyousmile.se\/wp-content\/uploads\/2015\/04\/19189.v149-300x146.png 300w, https:\/\/www.imakeyousmile.se\/wp-content\/uploads\/2015\/04\/19189.v149-1024x499.png 1024w, https:\/\/www.imakeyousmile.se\/wp-content\/uploads\/2015\/04\/19189.v149-768x374.png 768w, https:\/\/www.imakeyousmile.se\/wp-content\/uploads\/2015\/04\/19189.v149-16x8.png 16w, https:\/\/www.imakeyousmile.se\/wp-content\/uploads\/2015\/04\/19189.v149-696x339.png 696w, https:\/\/www.imakeyousmile.se\/wp-content\/uploads\/2015\/04\/19189.v149-1068x520.png 1068w, https:\/\/www.imakeyousmile.se\/wp-content\/uploads\/2015\/04\/19189.v149-862x420.png 862w, https:\/\/www.imakeyousmile.se\/wp-content\/uploads\/2015\/04\/19189.v149-533x261.png 533w, https:\/\/www.imakeyousmile.se\/wp-content\/uploads\/2015\/04\/19189.v149-20x10.png 20w\" sizes=\"(max-width: 200px) 100vw, 200px\" \/><\/a><\/p>\n<p><a href=\"http:\/\/ensomcaroline.se\/\" target=\"_blank\" rel=\"noopener noreferrer\">Caroline Nilsson - Una como Caroline<\/a><\/p>\n<p>\u00a1Una maravillosa combinaci\u00f3n de rese\u00f1as de productos, maquillaje, consejos y trucos, inspiraci\u00f3n, videos, consideraciones cotidianas y muchas otras cosas en la categor\u00eda de belleza!<\/p>\n<hr \/>\n<p><a href=\"http:\/\/www.imakeyousmile.se\/wp-content\/uploads\/2015\/04\/frida-skoglund-blogheader.jpg\"><img loading=\"lazy\" decoding=\"async\" class=\"alignleft wp-image-18922\" src=\"http:\/\/www.imakeyousmile.se\/wp-content\/uploads\/2015\/04\/frida-skoglund-blogheader.jpg\" alt=\"frida-skoglund-blogheader\" width=\"200\" height=\"85\" srcset=\"https:\/\/www.imakeyousmile.se\/wp-content\/uploads\/2015\/04\/frida-skoglund-blogheader.jpg 700w, https:\/\/www.imakeyousmile.se\/wp-content\/uploads\/2015\/04\/frida-skoglund-blogheader-300x128.jpg 300w, https:\/\/www.imakeyousmile.se\/wp-content\/uploads\/2015\/04\/frida-skoglund-blogheader-16x7.jpg 16w, https:\/\/www.imakeyousmile.se\/wp-content\/uploads\/2015\/04\/frida-skoglund-blogheader-696x298.jpg 696w, https:\/\/www.imakeyousmile.se\/wp-content\/uploads\/2015\/04\/frida-skoglund-blogheader-20x9.jpg 20w\" sizes=\"(max-width: 200px) 100vw, 200px\" \/><\/a><\/p>\n<p><a href=\"http:\/\/frida.chic.se\" target=\"_blank\" rel=\"noopener noreferrer\">Frida Skoglund - Frida.chic.se<\/a><\/p>\n<p>\u00a1El blog de belleza de Frida est\u00e1 lleno de consejos y bellas im\u00e1genes de maquillaje y belleza en todas sus formas! \u00a1Incre\u00edblemente inspirador!<\/p>\n<hr \/>\n<p><a href=\"http:\/\/www.imakeyousmile.se\/wp-content\/uploads\/2015\/04\/ns_blog_header_2015_960x180.png\"><img loading=\"lazy\" decoding=\"async\" class=\"wp-image-18928 alignleft\" src=\"http:\/\/www.imakeyousmile.se\/wp-content\/uploads\/2015\/04\/ns_blog_header_2015_960x180.png\" alt=\"ns_blog_header_2015_960x180\" width=\"200\" height=\"38\" srcset=\"https:\/\/www.imakeyousmile.se\/wp-content\/uploads\/2015\/04\/ns_blog_header_2015_960x180.png 960w, https:\/\/www.imakeyousmile.se\/wp-content\/uploads\/2015\/04\/ns_blog_header_2015_960x180-300x56.png 300w, https:\/\/www.imakeyousmile.se\/wp-content\/uploads\/2015\/04\/ns_blog_header_2015_960x180-768x144.png 768w, https:\/\/www.imakeyousmile.se\/wp-content\/uploads\/2015\/04\/ns_blog_header_2015_960x180-16x3.png 16w, https:\/\/www.imakeyousmile.se\/wp-content\/uploads\/2015\/04\/ns_blog_header_2015_960x180-696x131.png 696w, https:\/\/www.imakeyousmile.se\/wp-content\/uploads\/2015\/04\/ns_blog_header_2015_960x180-20x4.png 20w\" sizes=\"(max-width: 200px) 100vw, 200px\" \/><\/a><a href=\"http:\/\/www.naturligtsnygg.se\" target=\"_blank\" rel=\"noopener noreferrer\">Hannah - Naturligtsnygg.se<\/a><\/p>\n<p>\u00a1Un gran blog sobre el cuidado y la belleza de la piel org\u00e1nicos y naturales!<\/p>\n<hr \/>\n<p><a href=\"http:\/\/www.imakeyousmile.se\/wp-content\/uploads\/2015\/04\/headeroktober14.jpg\"><img loading=\"lazy\" decoding=\"async\" class=\"alignleft wp-image-18979\" src=\"http:\/\/www.imakeyousmile.se\/wp-content\/uploads\/2015\/04\/headeroktober14.jpg\" alt=\"headeroktober14\" width=\"200\" height=\"54\" srcset=\"https:\/\/www.imakeyousmile.se\/wp-content\/uploads\/2015\/04\/headeroktober14.jpg 552w, https:\/\/www.imakeyousmile.se\/wp-content\/uploads\/2015\/04\/headeroktober14-300x82.jpg 300w, https:\/\/www.imakeyousmile.se\/wp-content\/uploads\/2015\/04\/headeroktober14-16x4.jpg 16w, https:\/\/www.imakeyousmile.se\/wp-content\/uploads\/2015\/04\/headeroktober14-20x5.jpg 20w\" sizes=\"(max-width: 200px) 100vw, 200px\" \/><\/a><a href=\"http:\/\/pssion.se\/\" target=\"_blank\" rel=\"noopener noreferrer\">P&#039;ssion - Pssion.se<\/a><\/p>\n<p>Aqu\u00ed encontrar\u00e1s consejos, rese\u00f1as y noticias que tocan todo lo que nos hace hermosos (re).<\/p>\n<hr \/>\n<p><a href=\"http:\/\/www.imakeyousmile.se\/wp-content\/uploads\/2015\/04\/headerbla1.jpg\"><img loading=\"lazy\" decoding=\"async\" class=\"alignleft wp-image-18987\" src=\"http:\/\/www.imakeyousmile.se\/wp-content\/uploads\/2015\/04\/headerbla1.jpg\" alt=\"headerbla1\" width=\"200\" height=\"51\" srcset=\"https:\/\/www.imakeyousmile.se\/wp-content\/uploads\/2015\/04\/headerbla1.jpg 1170w, https:\/\/www.imakeyousmile.se\/wp-content\/uploads\/2015\/04\/headerbla1-300x77.jpg 300w, https:\/\/www.imakeyousmile.se\/wp-content\/uploads\/2015\/04\/headerbla1-1024x263.jpg 1024w, https:\/\/www.imakeyousmile.se\/wp-content\/uploads\/2015\/04\/headerbla1-768x197.jpg 768w, https:\/\/www.imakeyousmile.se\/wp-content\/uploads\/2015\/04\/headerbla1-16x4.jpg 16w, https:\/\/www.imakeyousmile.se\/wp-content\/uploads\/2015\/04\/headerbla1-696x178.jpg 696w, https:\/\/www.imakeyousmile.se\/wp-content\/uploads\/2015\/04\/headerbla1-1068x274.jpg 1068w, https:\/\/www.imakeyousmile.se\/wp-content\/uploads\/2015\/04\/headerbla1-20x5.jpg 20w\" sizes=\"(max-width: 200px) 100vw, 200px\" \/><\/a><a href=\"http:\/\/rodeo.net\/sandraholmbom\" target=\"_blank\" rel=\"noopener noreferrer\">Sandra Holmbom<\/a><\/p>\n<p>Autodidacta en maquillaje con incre\u00edble talento!<\/p>\n<hr \/>\n<p><a href=\"http:\/\/www.imakeyousmile.se\/wp-content\/uploads\/2015\/04\/sofie_skonhet_header01.jpg\"><img loading=\"lazy\" decoding=\"async\" class=\"alignleft wp-image-18988\" src=\"http:\/\/www.imakeyousmile.se\/wp-content\/uploads\/2015\/04\/sofie_skonhet_header01.jpg\" alt=\"sofie_skonhet_header01\" width=\"200\" height=\"70\" srcset=\"https:\/\/www.imakeyousmile.se\/wp-content\/uploads\/2015\/04\/sofie_skonhet_header01.jpg 1000w, https:\/\/www.imakeyousmile.se\/wp-content\/uploads\/2015\/04\/sofie_skonhet_header01-300x105.jpg 300w, https:\/\/www.imakeyousmile.se\/wp-content\/uploads\/2015\/04\/sofie_skonhet_header01-768x269.jpg 768w, https:\/\/www.imakeyousmile.se\/wp-content\/uploads\/2015\/04\/sofie_skonhet_header01-16x6.jpg 16w, https:\/\/www.imakeyousmile.se\/wp-content\/uploads\/2015\/04\/sofie_skonhet_header01-696x244.jpg 696w, https:\/\/www.imakeyousmile.se\/wp-content\/uploads\/2015\/04\/sofie_skonhet_header01-20x7.jpg 20w\" sizes=\"(max-width: 200px) 100vw, 200px\" \/><\/a><a href=\"http:\/\/sofies.sajk.com\/\" target=\"_blank\" rel=\"noopener noreferrer\">Blog de belleza de Sofies<\/a><\/p>\n<p>Los productos para los labios, las sombras de ojos y el esmalte de u\u00f1as son los mayores antojos de Sofie, \u00a1as\u00ed que puedes ver mucho de eso en su blog!<\/p>\n<hr \/>\n<p><a href=\"http:\/\/www.imakeyousmile.se\/wp-content\/uploads\/2015\/04\/ida_kyllerman.png\"><img loading=\"lazy\" decoding=\"async\" class=\"alignleft wp-image-18989\" src=\"http:\/\/www.imakeyousmile.se\/wp-content\/uploads\/2015\/04\/ida_kyllerman.png\" alt=\"ida_kyllerman\" width=\"200\" height=\"66\" srcset=\"https:\/\/www.imakeyousmile.se\/wp-content\/uploads\/2015\/04\/ida_kyllerman.png 208w, https:\/\/www.imakeyousmile.se\/wp-content\/uploads\/2015\/04\/ida_kyllerman-16x5.png 16w, https:\/\/www.imakeyousmile.se\/wp-content\/uploads\/2015\/04\/ida_kyllerman-20x7.png 20w\" sizes=\"(max-width: 200px) 100vw, 200px\" \/><\/a><\/p>\n<p><a href=\"https:\/\/spindelsven.wordpress.com\" target=\"_blank\" rel=\"noopener noreferrer\">Ida Kyllerman<\/a><\/p>\n<p>Maquilladora y estilista. Lleno de magulladuras, ideas y pensamientos. \u00a1Encontrar\u00e1s un poco aqu\u00ed!<\/p>\n<hr \/>\n<p><a href=\"http:\/\/www.imakeyousmile.se\/wp-content\/uploads\/2015\/04\/wysteriia.png\"><img loading=\"lazy\" decoding=\"async\" class=\"alignleft wp-image-18991\" src=\"http:\/\/www.imakeyousmile.se\/wp-content\/uploads\/2015\/04\/wysteriia.png\" alt=\"Wysteriia\" width=\"200\" height=\"87\" srcset=\"https:\/\/www.imakeyousmile.se\/wp-content\/uploads\/2015\/04\/wysteriia.png 993w, https:\/\/www.imakeyousmile.se\/wp-content\/uploads\/2015\/04\/wysteriia-300x131.png 300w, https:\/\/www.imakeyousmile.se\/wp-content\/uploads\/2015\/04\/wysteriia-768x335.png 768w, https:\/\/www.imakeyousmile.se\/wp-content\/uploads\/2015\/04\/wysteriia-16x7.png 16w, https:\/\/www.imakeyousmile.se\/wp-content\/uploads\/2015\/04\/wysteriia-696x303.png 696w, https:\/\/www.imakeyousmile.se\/wp-content\/uploads\/2015\/04\/wysteriia-963x420.png 963w, https:\/\/www.imakeyousmile.se\/wp-content\/uploads\/2015\/04\/wysteriia-20x9.png 20w\" sizes=\"(max-width: 200px) 100vw, 200px\" \/><\/a><\/p>\n<p><a href=\"http:\/\/wysteriiasblogg.se\/\" target=\"_blank\" rel=\"noopener noreferrer\">Blog de belleza de Wysteria<\/a><\/p>\n<p>Nunca puedes tener demasiados l\u00e1pices labiales rojos, el delineador de ojos es su maquillaje diario y en el cuidado de la piel se aplican exfoliantes \/ mascarillas.<\/p>\n<hr \/>\n<p><a href=\"http:\/\/www.imakeyousmile.se\/wp-content\/uploads\/2015\/04\/ekosmetika.png\"><img loading=\"lazy\" decoding=\"async\" class=\"alignleft wp-image-19003\" src=\"http:\/\/www.imakeyousmile.se\/wp-content\/uploads\/2015\/04\/ekosmetika.png\" alt=\"ecosm\u00e9ticos\" width=\"200\" height=\"105\" srcset=\"https:\/\/www.imakeyousmile.se\/wp-content\/uploads\/2015\/04\/ekosmetika.png 397w, https:\/\/www.imakeyousmile.se\/wp-content\/uploads\/2015\/04\/ekosmetika-300x157.png 300w, https:\/\/www.imakeyousmile.se\/wp-content\/uploads\/2015\/04\/ekosmetika-16x8.png 16w, https:\/\/www.imakeyousmile.se\/wp-content\/uploads\/2015\/04\/ekosmetika-20x10.png 20w\" sizes=\"(max-width: 200px) 100vw, 200px\" \/><\/a><\/p>\n<p><a href=\"https:\/\/ekosmetika.wordpress.com\/\" target=\"_blank\" rel=\"noopener noreferrer\">Sofie - Ecosm\u00e9ticos<\/a><\/p>\n<p>Aqu\u00ed Sofie escribe sobre algunos de sus mayores intereses: maquillaje natural, cuidado de la piel y el cabello.<\/p>\n<p>&nbsp;<\/p>\n<hr \/>\n<p><a href=\"http:\/\/www.imakeyousmile.se\/wp-content\/uploads\/2015\/04\/allsweetinlife.png\"><img loading=\"lazy\" decoding=\"async\" class=\"alignleft wp-image-19006\" src=\"http:\/\/www.imakeyousmile.se\/wp-content\/uploads\/2015\/04\/allsweetinlife.png\" alt=\"allsweetinlife\" width=\"200\" height=\"70\" srcset=\"https:\/\/www.imakeyousmile.se\/wp-content\/uploads\/2015\/04\/allsweetinlife.png 477w, https:\/\/www.imakeyousmile.se\/wp-content\/uploads\/2015\/04\/allsweetinlife-300x105.png 300w, https:\/\/www.imakeyousmile.se\/wp-content\/uploads\/2015\/04\/allsweetinlife-16x6.png 16w, https:\/\/www.imakeyousmile.se\/wp-content\/uploads\/2015\/04\/allsweetinlife-20x7.png 20w\" sizes=\"(max-width: 200px) 100vw, 200px\" \/><\/a><a href=\"http:\/\/www.allsweetinlife.se\/\" target=\"_blank\" rel=\"noopener noreferrer\">Nina - Todo dulce en la vida<\/a><\/p>\n<p>Nina escribe sobre belleza, cuidado de la piel, maquillaje, esmaltes de u\u00f1as y todo lo que tiene que ver con la belleza.<\/p>\n<p>&nbsp;<\/p>\n<p>&nbsp;<\/p>","protected":false},"excerpt":{"rendered":"<p>Det finns m\u00e5nga bra sk\u00f6nhetsbloggar att scrolla bland! H\u00e4r kommer min blogg och en liste p\u00e5 n\u00e5gra av mina favorit sk\u00f6nhetsbloggar. :) Helena R\u00f6nnblad\u00a0&#8211; Imakeyousmile.se, smink- &amp; sk\u00f6nhetsblogg V\u00e4lkomna till min f\u00e4rgsprakande sk\u00f6nhetsblogg! H\u00e4r sprider jag\u00a0massor av sminkk\u00e4rlek och\u00a0g\u00f6r allt f\u00f6r att ni ska inspireras, f\u00e5 kunskap, och framf\u00f6r allt v\u00e5ga testa sj\u00e4lva. Smink \u00e4r [&hellip;]<\/p>\n","protected":false},"author":30,"featured_media":0,"parent":0,"menu_order":0,"comment_status":"closed","ping_status":"closed","template":"","meta":{"footnotes":""},"class_list":["post-18778","page","type-page","status-publish","hentry"],"yoast_head":"<!-- This site is optimized with the Yoast SEO Premium plugin v14.9 - https:\/\/yoast.com\/wordpress\/plugins\/seo\/ -->\n<meta name=\"description\" content=\"Det finns m\u00e5nga bra sk\u00f6nhetsbloggar att scrolla bland! H\u00e4r kommer min blogg och en lista p\u00e5 n\u00e5gra av mina favorit sk\u00f6nhetsbloggar. :)\" \/>\n<meta name=\"robots\" content=\"index, follow, max-snippet:-1, max-image-preview:large, max-video-preview:-1\" \/>\n<link rel=\"canonical\" href=\"https:\/\/www.imakeyousmile.se\/es\/skonhetsbloggar\/\" \/>\n<meta property=\"og:locale\" content=\"es_ES\" \/>\n<meta property=\"og:type\" content=\"article\" \/>\n<meta property=\"og:title\" content=\"Sk\u00f6nhetsbloggar - Lista med mina favoriter | Imakeyousmile.se\" \/>\n<meta property=\"og:description\" content=\"Det finns m\u00e5nga bra sk\u00f6nhetsbloggar att scrolla bland! H\u00e4r kommer min blogg och en lista p\u00e5 n\u00e5gra av mina favorit sk\u00f6nhetsbloggar. :)\" \/>\n<meta property=\"og:url\" content=\"https:\/\/www.imakeyousmile.se\/es\/skonhetsbloggar\/\" \/>\n<meta property=\"og:site_name\" content=\"Imakeyousmile.se\" \/>\n<meta property=\"article:author\" content=\"https:\/\/www.facebook.com\/imakeyousmile.se\" \/>\n<meta property=\"article:modified_time\" content=\"2020-10-27T21:37:13+00:00\" \/>\n<meta property=\"og:image\" content=\"http:\/\/www.imakeyousmile.se\/wp-content\/uploads\/2014\/08\/helena-ronnblad-makeup-sk\u00f6nhetsblogg-header-300x131.jpg\" \/>\n<meta name=\"twitter:card\" content=\"summary_large_image\" \/>\n<script type=\"application\/ld+json\" class=\"yoast-schema-graph\">{\"@context\":\"https:\/\/schema.org\",\"@graph\":[{\"@type\":\"Organization\",\"@id\":\"https:\/\/www.imakeyousmile.se\/es\/#organization\",\"name\":\"Imakeyousmile\",\"url\":\"https:\/\/www.imakeyousmile.se\/es\/\",\"sameAs\":[],\"logo\":{\"@type\":\"ImageObject\",\"@id\":\"https:\/\/www.imakeyousmile.se\/es\/#logo\",\"inLanguage\":\"es\",\"url\":\"https:\/\/www.imakeyousmile.se\/wp-content\/uploads\/2020\/10\/HELENA-AMILEY_SVART-1-e1603367975324.png\",\"width\":280,\"height\":93,\"caption\":\"Imakeyousmile\"},\"image\":{\"@id\":\"https:\/\/www.imakeyousmile.se\/es\/#logo\"}},{\"@type\":\"WebSite\",\"@id\":\"https:\/\/www.imakeyousmile.se\/es\/#website\",\"url\":\"https:\/\/www.imakeyousmile.se\/es\/\",\"name\":\"Imakeyousmile.se\",\"description\":\"Helena Amiley - Beauty, Entrepreneur, Lifestyle\",\"publisher\":{\"@id\":\"https:\/\/www.imakeyousmile.se\/es\/#organization\"},\"potentialAction\":[{\"@type\":\"SearchAction\",\"target\":\"https:\/\/www.imakeyousmile.se\/es\/?s={search_term_string}\",\"query-input\":\"required name=search_term_string\"}],\"inLanguage\":\"es\"},{\"@type\":\"ImageObject\",\"@id\":\"https:\/\/www.imakeyousmile.se\/skonhetsbloggar\/#primaryimage\",\"inLanguage\":\"es\",\"url\":\"http:\/\/www.imakeyousmile.se\/wp-content\/uploads\/2014\/08\/helena-ronnblad-makeup-sk\\u00f6nhetsblogg-header-300x131.jpg\"},{\"@type\":\"WebPage\",\"@id\":\"https:\/\/www.imakeyousmile.se\/skonhetsbloggar\/#webpage\",\"url\":\"https:\/\/www.imakeyousmile.se\/skonhetsbloggar\/\",\"name\":\"Sk\\u00f6nhetsbloggar - Lista med mina favoriter | Imakeyousmile.se\",\"isPartOf\":{\"@id\":\"https:\/\/www.imakeyousmile.se\/es\/#website\"},\"primaryImageOfPage\":{\"@id\":\"https:\/\/www.imakeyousmile.se\/skonhetsbloggar\/#primaryimage\"},\"datePublished\":\"2015-04-18T09:20:55+00:00\",\"dateModified\":\"2020-10-27T21:37:13+00:00\",\"description\":\"Det finns m\\u00e5nga bra sk\\u00f6nhetsbloggar att scrolla bland! H\\u00e4r kommer min blogg och en lista p\\u00e5 n\\u00e5gra av mina favorit sk\\u00f6nhetsbloggar. :)\",\"inLanguage\":\"es\",\"potentialAction\":[{\"@type\":\"ReadAction\",\"target\":[\"https:\/\/www.imakeyousmile.se\/skonhetsbloggar\/\"]}]}]}<\/script>\n<!-- \/ Yoast SEO Premium plugin. -->","_links":{"self":[{"href":"https:\/\/www.imakeyousmile.se\/es\/wp-json\/wp\/v2\/pages\/18778"}],"collection":[{"href":"https:\/\/www.imakeyousmile.se\/es\/wp-json\/wp\/v2\/pages"}],"about":[{"href":"https:\/\/www.imakeyousmile.se\/es\/wp-json\/wp\/v2\/types\/page"}],"author":[{"embeddable":true,"href":"https:\/\/www.imakeyousmile.se\/es\/wp-json\/wp\/v2\/users\/30"}],"replies":[{"embeddable":true,"href":"https:\/\/www.imakeyousmile.se\/es\/wp-json\/wp\/v2\/comments?post=18778"}],"version-history":[{"count":84,"href":"https:\/\/www.imakeyousmile.se\/es\/wp-json\/wp\/v2\/pages\/18778\/revisions"}],"predecessor-version":[{"id":37970,"href":"https:\/\/www.imakeyousmile.se\/es\/wp-json\/wp\/v2\/pages\/18778\/revisions\/37970"}],"wp:attachment":[{"href":"https:\/\/www.imakeyousmile.se\/es\/wp-json\/wp\/v2\/media?parent=18778"}],"curies":[{"name":"wp","href":"https:\/\/api.w.org\/{rel}","templated":true}]}}