{"id":42750,"date":"2024-04-19T11:23:50","date_gmt":"2024-04-19T09:23:50","guid":{"rendered":"https:\/\/www.imakeyousmile.se\/?page_id=42750"},"modified":"2024-04-19T11:26:59","modified_gmt":"2024-04-19T09:26:59","slug":"integritetspolicy","status":"publish","type":"page","link":"https:\/\/www.imakeyousmile.se\/es\/integritetspolicy\/","title":{"rendered":"Integritetspolicy"},"content":{"rendered":"<p>Annonser p\u00e5 webbsidan s\u00e4ljs av Stylewish AB.<\/p>\n<p><strong>Cookiepolicy f\u00f6r Stylewish AB och webbsidor d\u00e4r vi tillhandah\u00e5ller annonsering.<\/strong><\/p>\n<p>Denna webbplats anv\u00e4nder cookies f\u00f6r att f\u00f6rb\u00e4ttra anv\u00e4ndarupplevelsen och f\u00f6r att samla in viss information om bes\u00f6kares interaktion med webbplatsen. Genom att anv\u00e4nda denna webbplats samtycker du till v\u00e5r anv\u00e4ndning av cookies i enlighet med denna policy.<\/p>\n<p><strong>Vad \u00e4r cookies?<\/strong><\/p>\n<p>Cookies \u00e4r sm\u00e5 textfiler som lagras p\u00e5 din enhet n\u00e4r du bes\u00f6ker en webbplats. Dessa filer inneh\u00e5ller ofta en anonym identifierare som skickas till webbl\u00e4saren fr\u00e5n den webbplats du bes\u00f6ker och lagras sedan p\u00e5 din enhet. Cookies g\u00f6r det m\u00f6jligt f\u00f6r webbplatser att k\u00e4nna igen din enhet och komma ih\u00e5g information om dina preferenser eller tidigare handlingar.<\/p>\n<p><strong>Typer av cookies som anv\u00e4nds<\/strong><\/p>\n<ol>\n<li><strong>N\u00f6dv\u00e4ndiga cookies<\/strong>: Dessa cookies \u00e4r v\u00e4sentliga f\u00f6r att webbplatsen ska kunna fungera korrekt. De g\u00f6r det m\u00f6jligt f\u00f6r dig att navigera p\u00e5 webbplatsen och anv\u00e4nda dess funktioner.<\/li>\n<li><strong>Prestandacookies<\/strong>: Vi anv\u00e4nder Google Analytics f\u00f6r att samla in information om hur bes\u00f6kare anv\u00e4nder v\u00e5r webbplats. Denna information hj\u00e4lper oss att f\u00f6rb\u00e4ttra webbplatsens prestanda och anv\u00e4ndarupplevelse. Informationen som genereras av dessa cookies (inklusive din IP-adress) kommer att \u00f6verf\u00f6ras till och lagras av Google p\u00e5 servrar i olika l\u00e4nder enligt Googles sekretesspolicy. F\u00f6r mer information om Google Analytics cookies, se [<a title=\"l\u00e4nk till Googles sekretesspolicy\" href=\"https:\/\/developers.google.com\/analytics\/devguides\/collection\/analyticsjs\/cookie-usage\">l\u00e4nk till Googles sekretesspolicy<\/a>].<\/li>\n<li><strong>Annonseringscookies<\/strong>: Dessa cookies anv\u00e4nds f\u00f6r att visa annonser som \u00e4r relevanta f\u00f6r dig och dina intressen. Vi samarbetar med olika annonsn\u00e4tverk och annons\u00f6rer som kan placera cookies p\u00e5 din enhet f\u00f6r att visa annonser baserade p\u00e5 din tidigare interaktion med v\u00e5r webbplats och andra webbplatser.<\/li>\n<\/ol>\n<p><strong>Hantering av cookies<\/strong><\/p>\n<p>Du kan v\u00e4lja att blockera eller ta bort cookies genom att \u00e4ndra inst\u00e4llningarna i din webbl\u00e4sare. Observera att vissa delar av webbplatsen kanske inte fungerar korrekt om du blockerar cookies.<\/p>\n<p>Genom att forts\u00e4tta anv\u00e4nda v\u00e5r webbplats samtycker du till v\u00e5r anv\u00e4ndning av cookies som beskrivs i denna policy.<\/p>\n<p><strong>Kontakta oss<\/strong><\/p>\n<p>Om du har fr\u00e5gor eller funderingar om v\u00e5r cookiepolicy \u00e4r du v\u00e4lkommen att\u00a0<a title=\"kontakta oss via kontaktformul\u00e4ret\" href=\"https:\/\/stylewish.se\/kontakt\/\">kontakta oss via kontaktformul\u00e4ret<\/a>.<\/p>\n<p><strong>\u00c4ndringar i policyn<\/strong><\/p>\n<p>Vi f\u00f6rbeh\u00e5ller oss r\u00e4tten att \u00e4ndra denna cookiepolicy n\u00e4r som helst. Eventuella \u00e4ndringar kommer att publiceras p\u00e5 denna sida. Vi rekommenderar att du regelbundet granskar denna policy f\u00f6r att h\u00e5lla dig informerad om eventuella uppdateringar eller \u00e4ndringar.<\/p>\n<p>Senast uppdaterad: 19 apr, 2024<\/p>\n<div><\/div>\n<div><\/div>\n","protected":false},"excerpt":{"rendered":"<p>Annonser p\u00e5 webbsidan s\u00e4ljs av Stylewish AB. Cookiepolicy f\u00f6r Stylewish AB och webbsidor d\u00e4r vi tillhandah\u00e5ller annonsering. Denna webbplats anv\u00e4nder cookies f\u00f6r att f\u00f6rb\u00e4ttra anv\u00e4ndarupplevelsen och f\u00f6r att samla in viss information om bes\u00f6kares interaktion med webbplatsen. Genom att anv\u00e4nda denna webbplats samtycker du till v\u00e5r anv\u00e4ndning av cookies i enlighet med denna policy. Vad [&hellip;]<\/p>\n","protected":false},"author":38,"featured_media":0,"parent":0,"menu_order":0,"comment_status":"closed","ping_status":"closed","template":"","meta":{"footnotes":""},"class_list":["post-42750","page","type-page","status-publish","hentry"],"yoast_head":"<!-- This site is optimized with the Yoast SEO Premium plugin v14.9 - https:\/\/yoast.com\/wordpress\/plugins\/seo\/ -->\n<meta name=\"description\" content=\"Integritetspolicy | Helena Amiley tillhandah\u00e5ller senaste informationen om sk\u00f6nhets-, livsstils-, entrepren\u00f6rskap- och makeuphandledning &amp; tips.\" \/>\n<meta name=\"robots\" content=\"index, follow, max-snippet:-1, max-image-preview:large, max-video-preview:-1\" \/>\n<link rel=\"canonical\" href=\"https:\/\/www.imakeyousmile.se\/es\/integritetspolicy\/\" \/>\n<meta property=\"og:locale\" content=\"es_ES\" \/>\n<meta property=\"og:type\" content=\"article\" \/>\n<meta property=\"og:title\" content=\"Integritetspolicy | Imakeyousmile.se\" \/>\n<meta property=\"og:description\" content=\"Integritetspolicy | Helena Amiley tillhandah\u00e5ller senaste informationen om sk\u00f6nhets-, livsstils-, entrepren\u00f6rskap- och makeuphandledning &amp; tips.\" \/>\n<meta property=\"og:url\" content=\"https:\/\/www.imakeyousmile.se\/es\/integritetspolicy\/\" \/>\n<meta property=\"og:site_name\" content=\"Imakeyousmile.se\" \/>\n<meta property=\"article:modified_time\" content=\"2024-04-19T09:26:59+00:00\" \/>\n<meta name=\"twitter:card\" content=\"summary_large_image\" \/>\n<script type=\"application\/ld+json\" class=\"yoast-schema-graph\">{\"@context\":\"https:\/\/schema.org\",\"@graph\":[{\"@type\":\"Organization\",\"@id\":\"https:\/\/www.imakeyousmile.se\/es\/#organization\",\"name\":\"Imakeyousmile\",\"url\":\"https:\/\/www.imakeyousmile.se\/es\/\",\"sameAs\":[],\"logo\":{\"@type\":\"ImageObject\",\"@id\":\"https:\/\/www.imakeyousmile.se\/es\/#logo\",\"inLanguage\":\"es\",\"url\":\"https:\/\/www.imakeyousmile.se\/wp-content\/uploads\/2020\/10\/HELENA-AMILEY_SVART-1-e1603367975324.png\",\"width\":280,\"height\":93,\"caption\":\"Imakeyousmile\"},\"image\":{\"@id\":\"https:\/\/www.imakeyousmile.se\/es\/#logo\"}},{\"@type\":\"WebSite\",\"@id\":\"https:\/\/www.imakeyousmile.se\/es\/#website\",\"url\":\"https:\/\/www.imakeyousmile.se\/es\/\",\"name\":\"Imakeyousmile.se\",\"description\":\"Helena Amiley - Beauty, Entrepreneur, Lifestyle\",\"publisher\":{\"@id\":\"https:\/\/www.imakeyousmile.se\/es\/#organization\"},\"potentialAction\":[{\"@type\":\"SearchAction\",\"target\":\"https:\/\/www.imakeyousmile.se\/es\/?s={search_term_string}\",\"query-input\":\"required name=search_term_string\"}],\"inLanguage\":\"es\"},{\"@type\":\"WebPage\",\"@id\":\"https:\/\/www.imakeyousmile.se\/integritetspolicy\/#webpage\",\"url\":\"https:\/\/www.imakeyousmile.se\/integritetspolicy\/\",\"name\":\"Integritetspolicy | Imakeyousmile.se\",\"isPartOf\":{\"@id\":\"https:\/\/www.imakeyousmile.se\/es\/#website\"},\"datePublished\":\"2024-04-19T09:23:50+00:00\",\"dateModified\":\"2024-04-19T09:26:59+00:00\",\"description\":\"Integritetspolicy | Helena Amiley tillhandah\\u00e5ller senaste informationen om sk\\u00f6nhets-, livsstils-, entrepren\\u00f6rskap- och makeuphandledning & tips.\",\"inLanguage\":\"es\",\"potentialAction\":[{\"@type\":\"ReadAction\",\"target\":[\"https:\/\/www.imakeyousmile.se\/integritetspolicy\/\"]}]}]}<\/script>\n<!-- \/ Yoast SEO Premium plugin. -->","_links":{"self":[{"href":"https:\/\/www.imakeyousmile.se\/es\/wp-json\/wp\/v2\/pages\/42750"}],"collection":[{"href":"https:\/\/www.imakeyousmile.se\/es\/wp-json\/wp\/v2\/pages"}],"about":[{"href":"https:\/\/www.imakeyousmile.se\/es\/wp-json\/wp\/v2\/types\/page"}],"author":[{"embeddable":true,"href":"https:\/\/www.imakeyousmile.se\/es\/wp-json\/wp\/v2\/users\/38"}],"replies":[{"embeddable":true,"href":"https:\/\/www.imakeyousmile.se\/es\/wp-json\/wp\/v2\/comments?post=42750"}],"version-history":[{"count":2,"href":"https:\/\/www.imakeyousmile.se\/es\/wp-json\/wp\/v2\/pages\/42750\/revisions"}],"predecessor-version":[{"id":42752,"href":"https:\/\/www.imakeyousmile.se\/es\/wp-json\/wp\/v2\/pages\/42750\/revisions\/42752"}],"wp:attachment":[{"href":"https:\/\/www.imakeyousmile.se\/es\/wp-json\/wp\/v2\/media?parent=42750"}],"curies":[{"name":"wp","href":"https:\/\/api.w.org\/{rel}","templated":true}]}}